{"id":73,"date":"2018-04-28T14:54:00","date_gmt":"2018-04-28T11:54:00","guid":{"rendered":"http:\/\/ozbatmanmetal.com\/?page_id=73"},"modified":"2018-05-09T13:42:23","modified_gmt":"2018-05-09T10:42:23","slug":"iletisim","status":"publish","type":"page","link":"http:\/\/ozbatmanmetal.com\/?page_id=73","title":{"rendered":"\u0130LET\u0130\u015e\u0130M"},"content":{"rendered":"<p><img decoding=\"async\" loading=\"lazy\" class=\"alignnone wp-image-139 \" src=\"http:\/\/ozbatmanmetal.com\/wp-content\/uploads\/2018\/04\/iletisim-1024x323.png\" alt=\"\" width=\"672\" height=\"212\" srcset=\"http:\/\/ozbatmanmetal.com\/wp-content\/uploads\/2018\/04\/iletisim-1024x323.png 1024w, http:\/\/ozbatmanmetal.com\/wp-content\/uploads\/2018\/04\/iletisim-300x95.png 300w, http:\/\/ozbatmanmetal.com\/wp-content\/uploads\/2018\/04\/iletisim-768x243.png 768w, http:\/\/ozbatmanmetal.com\/wp-content\/uploads\/2018\/04\/iletisim.png 1140w\" sizes=\"(max-width: 672px) 100vw, 672px\" \/><\/p>\n<h1>\u0130leti\u015fim<\/h1>\n<p><strong>\u00d6Z BATMAN METAL<\/strong><\/p>\n<p><strong>Pet.\u0130n\u015f. G\u0131da Nak. San. Ve Tic. Ltd. \u015eti.<\/strong><\/p>\n<p><strong>Adres<\/strong>: Bay\u0131nd\u0131r Mah. \u00d6zg\u00fcrl\u00fck Bulvar\u0131<\/p>\n<p><strong>No<\/strong>: 417 BATMAN<\/p>\n<p><strong>Tel:<\/strong> 0(488) 213 64 17\u00a0 Gsm:0(532) 587 6465<\/p>\n<p><strong>Fax: <\/strong>0(488) 214 0523<\/p>\n<p><strong>Vergi No<\/strong>: 662 039 52 64<\/p>\n<p><strong>e-mail\u00a0:\u00a0<\/strong><a href=\"info@ozbatmanmetal.com\">info@ozbatmanmetal.com<\/a><\/p>\n<p>&nbsp;<\/p>\n<p>&nbsp;<\/p>\n<p>&nbsp;<\/p>\n","protected":false},"excerpt":{"rendered":"<p>\u0130leti\u015fim \u00d6Z BATMAN METAL Pet.\u0130n\u015f. G\u0131da Nak. San. Ve Tic. Ltd. \u015eti. Adres: Bay\u0131nd\u0131r Mah. \u00d6zg\u00fcrl\u00fck Bulvar\u0131 No: 417 BATMAN Tel: 0(488) 213 64 17\u00a0 Gsm:0(532) 587 6465 Fax: 0(488) 214 0523 Vergi No: 662 039 52 64 e-mail\u00a0:\u00a0info@ozbatmanmetal.com &nbsp; &nbsp; &nbsp;<\/p>\n","protected":false},"author":1,"featured_media":0,"parent":0,"menu_order":0,"comment_status":"closed","ping_status":"closed","template":"","meta":[],"_links":{"self":[{"href":"http:\/\/ozbatmanmetal.com\/index.php?rest_route=\/wp\/v2\/pages\/73"}],"collection":[{"href":"http:\/\/ozbatmanmetal.com\/index.php?rest_route=\/wp\/v2\/pages"}],"about":[{"href":"http:\/\/ozbatmanmetal.com\/index.php?rest_route=\/wp\/v2\/types\/page"}],"author":[{"embeddable":true,"href":"http:\/\/ozbatmanmetal.com\/index.php?rest_route=\/wp\/v2\/users\/1"}],"replies":[{"embeddable":true,"href":"http:\/\/ozbatmanmetal.com\/index.php?rest_route=%2Fwp%2Fv2%2Fcomments&post=73"}],"version-history":[{"count":10,"href":"http:\/\/ozbatmanmetal.com\/index.php?rest_route=\/wp\/v2\/pages\/73\/revisions"}],"predecessor-version":[{"id":293,"href":"http:\/\/ozbatmanmetal.com\/index.php?rest_route=\/wp\/v2\/pages\/73\/revisions\/293"}],"wp:attachment":[{"href":"http:\/\/ozbatmanmetal.com\/index.php?rest_route=%2Fwp%2Fv2%2Fmedia&parent=73"}],"curies":[{"name":"wp","href":"https:\/\/api.w.org\/{rel}","templated":true}]}}