{"id":68,"date":"2018-04-28T14:51:19","date_gmt":"2018-04-28T11:51:19","guid":{"rendered":"http:\/\/ozbatmanmetal.com\/?page_id=68"},"modified":"2018-05-16T01:06:57","modified_gmt":"2018-05-15T22:06:57","slug":"galeri","status":"publish","type":"page","link":"http:\/\/ozbatmanmetal.com\/?page_id=68","title":{"rendered":"GALER\u0130"},"content":{"rendered":"<p>\u00d6z Batman Metal Geri D\u00f6n\u00fc\u015f\u00fcm ile ilgili daha fazla bilgiye ve ayr\u0131nt\u0131ya a\u015fa\u011f\u0131daki resimlerimiz yard\u0131m\u0131yla sahip olabilirsiniz.<\/p>\n<p><img decoding=\"async\" loading=\"lazy\" class=\"size-medium wp-image-222 alignleft\" src=\"http:\/\/ozbatmanmetal.com\/wp-content\/uploads\/2018\/04\/WhatsApp-Image-2018-04-30-at-10.45.21-1-225x300.jpeg\" alt=\"\" width=\"225\" height=\"300\" \/>\u00a0 \u00a0 \u00a0<img decoding=\"async\" loading=\"lazy\" class=\"size-medium wp-image-223 alignleft\" src=\"http:\/\/ozbatmanmetal.com\/wp-content\/uploads\/2018\/04\/WhatsApp-Image-2018-04-30-at-10.46.55-1-225x300.jpeg\" alt=\"\" width=\"225\" height=\"300\" srcset=\"http:\/\/ozbatmanmetal.com\/wp-content\/uploads\/2018\/04\/WhatsApp-Image-2018-04-30-at-10.46.55-1-225x300.jpeg 225w, http:\/\/ozbatmanmetal.com\/wp-content\/uploads\/2018\/04\/WhatsApp-Image-2018-04-30-at-10.46.55-1.jpeg 768w\" sizes=\"(max-width: 225px) 100vw, 225px\" \/>\u00a0 \u00a0 \u00a0\u00a0<img decoding=\"async\" loading=\"lazy\" class=\"size-medium wp-image-224 alignleft\" src=\"http:\/\/ozbatmanmetal.com\/wp-content\/uploads\/2018\/04\/WhatsApp-Image-2018-04-30-at-10.46.55-2-225x300.jpeg\" alt=\"\" width=\"225\" height=\"300\" srcset=\"http:\/\/ozbatmanmetal.com\/wp-content\/uploads\/2018\/04\/WhatsApp-Image-2018-04-30-at-10.46.55-2-225x300.jpeg 225w, http:\/\/ozbatmanmetal.com\/wp-content\/uploads\/2018\/04\/WhatsApp-Image-2018-04-30-at-10.46.55-2.jpeg 768w\" sizes=\"(max-width: 225px) 100vw, 225px\" \/><\/p>\n<p>&nbsp;<\/p>\n<p>&nbsp;<\/p>\n<p>&nbsp;<\/p>\n<p>&nbsp;<\/p>\n<p>&nbsp;<\/p>\n<p>&nbsp;<\/p>\n<p>&nbsp;<\/p>\n<p>&nbsp;<\/p>\n<p>&nbsp;<\/p>\n<p><img decoding=\"async\" loading=\"lazy\" class=\"size-medium wp-image-226 alignleft\" src=\"http:\/\/ozbatmanmetal.com\/wp-content\/uploads\/2018\/04\/WhatsApp-Image-2018-04-30-at-10.46.55-4-225x300.jpeg\" alt=\"\" width=\"225\" height=\"300\" srcset=\"http:\/\/ozbatmanmetal.com\/wp-content\/uploads\/2018\/04\/WhatsApp-Image-2018-04-30-at-10.46.55-4-225x300.jpeg 225w, http:\/\/ozbatmanmetal.com\/wp-content\/uploads\/2018\/04\/WhatsApp-Image-2018-04-30-at-10.46.55-4.jpeg 768w\" sizes=\"(max-width: 225px) 100vw, 225px\" \/>\u00a0 \u00a0<img decoding=\"async\" loading=\"lazy\" class=\"size-medium wp-image-225 alignleft\" src=\"http:\/\/ozbatmanmetal.com\/wp-content\/uploads\/2018\/04\/WhatsApp-Image-2018-04-30-at-10.46.55-3-225x300.jpeg\" alt=\"\" width=\"225\" height=\"300\" srcset=\"http:\/\/ozbatmanmetal.com\/wp-content\/uploads\/2018\/04\/WhatsApp-Image-2018-04-30-at-10.46.55-3-225x300.jpeg 225w, http:\/\/ozbatmanmetal.com\/wp-content\/uploads\/2018\/04\/WhatsApp-Image-2018-04-30-at-10.46.55-3.jpeg 768w\" sizes=\"(max-width: 225px) 100vw, 225px\" \/>\u00a0 \u00a0 \u00a0<img decoding=\"async\" loading=\"lazy\" class=\"size-medium wp-image-227 alignleft\" src=\"http:\/\/ozbatmanmetal.com\/wp-content\/uploads\/2018\/04\/WhatsApp-Image-2018-04-30-at-10.46.55-225x300.jpeg\" alt=\"\" width=\"225\" height=\"300\" srcset=\"http:\/\/ozbatmanmetal.com\/wp-content\/uploads\/2018\/04\/WhatsApp-Image-2018-04-30-at-10.46.55-225x300.jpeg 225w, http:\/\/ozbatmanmetal.com\/wp-content\/uploads\/2018\/04\/WhatsApp-Image-2018-04-30-at-10.46.55.jpeg 768w\" sizes=\"(max-width: 225px) 100vw, 225px\" \/><\/p>\n<p>&nbsp;<\/p>\n<p>&nbsp;<\/p>\n<p>&nbsp;<\/p>\n<p>&nbsp;<\/p>\n<p>&nbsp;<\/p>\n<p>&nbsp;<\/p>\n<p>&nbsp;<\/p>\n<p>&nbsp;<\/p>\n<p>&nbsp;<\/p>\n<p>&nbsp;<\/p>\n<p><img decoding=\"async\" loading=\"lazy\" class=\"size-medium wp-image-228 alignleft\" src=\"http:\/\/ozbatmanmetal.com\/wp-content\/uploads\/2018\/04\/WhatsApp-Image-2018-04-30-at-10.48.12-1-1-225x300.jpeg\" alt=\"\" width=\"225\" height=\"300\" srcset=\"http:\/\/ozbatmanmetal.com\/wp-content\/uploads\/2018\/04\/WhatsApp-Image-2018-04-30-at-10.48.12-1-1-225x300.jpeg 225w, http:\/\/ozbatmanmetal.com\/wp-content\/uploads\/2018\/04\/WhatsApp-Image-2018-04-30-at-10.48.12-1-1.jpeg 768w\" sizes=\"(max-width: 225px) 100vw, 225px\" \/>\u00a0 \u00a0<img decoding=\"async\" loading=\"lazy\" class=\"size-medium wp-image-229 alignleft\" src=\"http:\/\/ozbatmanmetal.com\/wp-content\/uploads\/2018\/04\/WhatsApp-Image-2018-04-30-at-10.58.16-1-225x300.jpeg\" alt=\"\" width=\"225\" height=\"300\" srcset=\"http:\/\/ozbatmanmetal.com\/wp-content\/uploads\/2018\/04\/WhatsApp-Image-2018-04-30-at-10.58.16-1-225x300.jpeg 225w, http:\/\/ozbatmanmetal.com\/wp-content\/uploads\/2018\/04\/WhatsApp-Image-2018-04-30-at-10.58.16-1.jpeg 768w\" sizes=\"(max-width: 225px) 100vw, 225px\" \/>\u00a0 \u00a0<img decoding=\"async\" loading=\"lazy\" class=\"size-medium wp-image-230 alignleft\" src=\"http:\/\/ozbatmanmetal.com\/wp-content\/uploads\/2018\/04\/WhatsApp-Image-2018-04-30-at-10.47.38-300x225.jpeg\" alt=\"\" width=\"300\" height=\"225\" srcset=\"http:\/\/ozbatmanmetal.com\/wp-content\/uploads\/2018\/04\/WhatsApp-Image-2018-04-30-at-10.47.38-300x225.jpeg 300w, http:\/\/ozbatmanmetal.com\/wp-content\/uploads\/2018\/04\/WhatsApp-Image-2018-04-30-at-10.47.38-768x576.jpeg 768w, http:\/\/ozbatmanmetal.com\/wp-content\/uploads\/2018\/04\/WhatsApp-Image-2018-04-30-at-10.47.38.jpeg 1024w\" sizes=\"(max-width: 300px) 100vw, 300px\" \/><\/p>\n<p>&nbsp;<\/p>\n<p>&nbsp;<\/p>\n<p>&nbsp;<\/p>\n<p>&nbsp;<\/p>\n<p>&nbsp;<\/p>\n<p>&nbsp;<\/p>\n<p>&nbsp;<\/p>\n<p>&nbsp;<\/p>\n<p>&nbsp;<\/p>\n<p>&nbsp;<\/p>\n<p><img decoding=\"async\" loading=\"lazy\" class=\"size-medium wp-image-232 alignleft\" src=\"http:\/\/ozbatmanmetal.com\/wp-content\/uploads\/2018\/04\/WhatsApp-Image-2018-04-30-at-10.48.39-300x225.jpeg\" alt=\"\" width=\"300\" height=\"225\" srcset=\"http:\/\/ozbatmanmetal.com\/wp-content\/uploads\/2018\/04\/WhatsApp-Image-2018-04-30-at-10.48.39-300x225.jpeg 300w, http:\/\/ozbatmanmetal.com\/wp-content\/uploads\/2018\/04\/WhatsApp-Image-2018-04-30-at-10.48.39-768x576.jpeg 768w, http:\/\/ozbatmanmetal.com\/wp-content\/uploads\/2018\/04\/WhatsApp-Image-2018-04-30-at-10.48.39.jpeg 1024w\" sizes=\"(max-width: 300px) 100vw, 300px\" \/>\u00a0 \u00a0\u00a0<img decoding=\"async\" loading=\"lazy\" class=\"size-medium wp-image-231 alignleft\" src=\"http:\/\/ozbatmanmetal.com\/wp-content\/uploads\/2018\/04\/WhatsApp-Image-2018-04-30-at-10.48.12-300x225.jpeg\" alt=\"\" width=\"300\" height=\"225\" srcset=\"http:\/\/ozbatmanmetal.com\/wp-content\/uploads\/2018\/04\/WhatsApp-Image-2018-04-30-at-10.48.12-300x225.jpeg 300w, http:\/\/ozbatmanmetal.com\/wp-content\/uploads\/2018\/04\/WhatsApp-Image-2018-04-30-at-10.48.12-768x576.jpeg 768w, http:\/\/ozbatmanmetal.com\/wp-content\/uploads\/2018\/04\/WhatsApp-Image-2018-04-30-at-10.48.12.jpeg 1024w\" sizes=\"(max-width: 300px) 100vw, 300px\" \/>\u00a0 \u00a0<img decoding=\"async\" loading=\"lazy\" class=\"size-medium wp-image-233 alignleft\" src=\"http:\/\/ozbatmanmetal.com\/wp-content\/uploads\/2018\/04\/WhatsApp-Image-2018-04-30-at-10.49.09-300x225.jpeg\" alt=\"\" width=\"300\" height=\"225\" srcset=\"http:\/\/ozbatmanmetal.com\/wp-content\/uploads\/2018\/04\/WhatsApp-Image-2018-04-30-at-10.49.09-300x225.jpeg 300w, http:\/\/ozbatmanmetal.com\/wp-content\/uploads\/2018\/04\/WhatsApp-Image-2018-04-30-at-10.49.09-768x576.jpeg 768w, http:\/\/ozbatmanmetal.com\/wp-content\/uploads\/2018\/04\/WhatsApp-Image-2018-04-30-at-10.49.09.jpeg 1024w\" sizes=\"(max-width: 300px) 100vw, 300px\" \/><\/p>\n<p>&nbsp;<\/p>\n<p>&nbsp;<\/p>\n<p>&nbsp;<\/p>\n<p>&nbsp;<\/p>\n<p>&nbsp;<\/p>\n<p>&nbsp;<\/p>\n<p>&nbsp;<\/p>\n<p><img decoding=\"async\" loading=\"lazy\" class=\"size-medium wp-image-234 alignleft\" src=\"http:\/\/ozbatmanmetal.com\/wp-content\/uploads\/2018\/04\/WhatsApp-Image-2018-04-30-at-10.56.40-1-300x225.jpeg\" alt=\"\" width=\"300\" height=\"225\" srcset=\"http:\/\/ozbatmanmetal.com\/wp-content\/uploads\/2018\/04\/WhatsApp-Image-2018-04-30-at-10.56.40-1-300x225.jpeg 300w, http:\/\/ozbatmanmetal.com\/wp-content\/uploads\/2018\/04\/WhatsApp-Image-2018-04-30-at-10.56.40-1-768x576.jpeg 768w, http:\/\/ozbatmanmetal.com\/wp-content\/uploads\/2018\/04\/WhatsApp-Image-2018-04-30-at-10.56.40-1.jpeg 1024w\" sizes=\"(max-width: 300px) 100vw, 300px\" \/>\u00a0 \u00a0\u00a0<img decoding=\"async\" loading=\"lazy\" class=\"wp-image-294 size-medium alignleft\" src=\"http:\/\/ozbatmanmetal.com\/wp-content\/uploads\/2018\/05\/IMG-20180514-WA0010-225x300.jpg\" alt=\"\" width=\"225\" height=\"300\" srcset=\"http:\/\/ozbatmanmetal.com\/wp-content\/uploads\/2018\/05\/IMG-20180514-WA0010-225x300.jpg 225w, http:\/\/ozbatmanmetal.com\/wp-content\/uploads\/2018\/05\/IMG-20180514-WA0010.jpg 612w\" sizes=\"(max-width: 225px) 100vw, 225px\" \/>\u00a0 \u00a0 \u00a0\u00a0<img decoding=\"async\" loading=\"lazy\" class=\"size-medium wp-image-295 alignleft\" src=\"http:\/\/ozbatmanmetal.com\/wp-content\/uploads\/2018\/05\/IMG-20180514-WA0000-225x300.jpg\" alt=\"\" width=\"225\" height=\"300\" srcset=\"http:\/\/ozbatmanmetal.com\/wp-content\/uploads\/2018\/05\/IMG-20180514-WA0000-225x300.jpg 225w, http:\/\/ozbatmanmetal.com\/wp-content\/uploads\/2018\/05\/IMG-20180514-WA0000.jpg 612w\" sizes=\"(max-width: 225px) 100vw, 225px\" \/><\/p>\n<p>&nbsp;<\/p>\n<p>&nbsp;<\/p>\n<p>&nbsp;<\/p>\n<p>&nbsp;<\/p>\n<p>&nbsp;<\/p>\n<p>&nbsp;<\/p>\n<p>&nbsp;<\/p>\n<p>&nbsp;<\/p>\n","protected":false},"excerpt":{"rendered":"<p>\u00d6z Batman Metal Geri D\u00f6n\u00fc\u015f\u00fcm ile ilgili daha fazla bilgiye ve ayr\u0131nt\u0131ya a\u015fa\u011f\u0131daki resimlerimiz yard\u0131m\u0131yla sahip olabilirsiniz. \u00a0 \u00a0 \u00a0\u00a0 \u00a0 \u00a0\u00a0 &nbsp; &nbsp; &nbsp; &nbsp; &nbsp; &nbsp; &nbsp; &nbsp; &nbsp; \u00a0 \u00a0\u00a0 \u00a0 \u00a0 &nbsp; &nbsp; &nbsp; &nbsp; &nbsp; &nbsp; &nbsp; &nbsp; &nbsp; &nbsp; \u00a0 \u00a0\u00a0 \u00a0 &nbsp; &nbsp; &nbsp; &nbsp; &nbsp; &nbsp; &nbsp; [&hellip;]<\/p>\n","protected":false},"author":1,"featured_media":0,"parent":0,"menu_order":0,"comment_status":"closed","ping_status":"closed","template":"","meta":[],"_links":{"self":[{"href":"http:\/\/ozbatmanmetal.com\/index.php?rest_route=\/wp\/v2\/pages\/68"}],"collection":[{"href":"http:\/\/ozbatmanmetal.com\/index.php?rest_route=\/wp\/v2\/pages"}],"about":[{"href":"http:\/\/ozbatmanmetal.com\/index.php?rest_route=\/wp\/v2\/types\/page"}],"author":[{"embeddable":true,"href":"http:\/\/ozbatmanmetal.com\/index.php?rest_route=\/wp\/v2\/users\/1"}],"replies":[{"embeddable":true,"href":"http:\/\/ozbatmanmetal.com\/index.php?rest_route=%2Fwp%2Fv2%2Fcomments&post=68"}],"version-history":[{"count":12,"href":"http:\/\/ozbatmanmetal.com\/index.php?rest_route=\/wp\/v2\/pages\/68\/revisions"}],"predecessor-version":[{"id":296,"href":"http:\/\/ozbatmanmetal.com\/index.php?rest_route=\/wp\/v2\/pages\/68\/revisions\/296"}],"wp:attachment":[{"href":"http:\/\/ozbatmanmetal.com\/index.php?rest_route=%2Fwp%2Fv2%2Fmedia&parent=68"}],"curies":[{"name":"wp","href":"https:\/\/api.w.org\/{rel}","templated":true}]}}