{"id":53,"date":"2018-04-28T14:47:12","date_gmt":"2018-04-28T11:47:12","guid":{"rendered":"http:\/\/ozbatmanmetal.com\/?page_id=53"},"modified":"2019-05-30T11:54:44","modified_gmt":"2019-05-30T08:54:44","slug":"hurda-cesitleri","status":"publish","type":"page","link":"http:\/\/ozbatmanmetal.com\/?page_id=53","title":{"rendered":"HURDA \u00c7E\u015e\u0130TLER\u0130"},"content":{"rendered":"\n<p>\n\n\u00d6z Batman Metal Geri D\u00f6n\u00fc\u015f\u00fcm olarak ihtiyac\u0131n\u0131za uygun birbirinden farkl\u0131 hurda \u00e7e\u015fitlerimiz ile kar\u015f\u0131n\u0131zday\u0131z.\n\n<\/p>\n\n\n\n<figure class=\"wp-block-image is-resized\"><img decoding=\"async\" loading=\"lazy\" src=\"http:\/\/ozbatmanmetal.com\/wp-content\/uploads\/2019\/05\/\u00e7inkohurdasi2.jpg\" alt=\"\" class=\"wp-image-298\" width=\"296\" height=\"222\" srcset=\"http:\/\/ozbatmanmetal.com\/wp-content\/uploads\/2019\/05\/\u00e7inkohurdasi2.jpg 800w, http:\/\/ozbatmanmetal.com\/wp-content\/uploads\/2019\/05\/\u00e7inkohurdasi2-300x225.jpg 300w, http:\/\/ozbatmanmetal.com\/wp-content\/uploads\/2019\/05\/\u00e7inkohurdasi2-768x576.jpg 768w\" sizes=\"(max-width: 296px) 100vw, 296px\" \/><figcaption>\u00c7\u0130NKO HURDASI<\/figcaption><\/figure>\n\n\n\n<figure class=\"wp-block-image is-resized\"><img decoding=\"async\" loading=\"lazy\" src=\"http:\/\/ozbatmanmetal.com\/wp-content\/uploads\/2019\/05\/8532318539014cd793a2f84f34ab8ee2.jpg\" alt=\"\" class=\"wp-image-299\" width=\"314\" height=\"235\" srcset=\"http:\/\/ozbatmanmetal.com\/wp-content\/uploads\/2019\/05\/8532318539014cd793a2f84f34ab8ee2.jpg 800w, http:\/\/ozbatmanmetal.com\/wp-content\/uploads\/2019\/05\/8532318539014cd793a2f84f34ab8ee2-300x225.jpg 300w, http:\/\/ozbatmanmetal.com\/wp-content\/uploads\/2019\/05\/8532318539014cd793a2f84f34ab8ee2-768x576.jpg 768w\" sizes=\"(max-width: 314px) 100vw, 314px\" \/><figcaption>BAKIR HURDASI<\/figcaption><\/figure>\n\n\n\n<figure class=\"wp-block-image is-resized\"><img decoding=\"async\" loading=\"lazy\" src=\"http:\/\/ozbatmanmetal.com\/wp-content\/uploads\/2019\/05\/aluminyum-hurdasi.jpg\" alt=\"\" class=\"wp-image-301\" width=\"338\" height=\"165\" srcset=\"http:\/\/ozbatmanmetal.com\/wp-content\/uploads\/2019\/05\/aluminyum-hurdasi.jpg 615w, http:\/\/ozbatmanmetal.com\/wp-content\/uploads\/2019\/05\/aluminyum-hurdasi-300x146.jpg 300w\" sizes=\"(max-width: 338px) 100vw, 338px\" \/><figcaption>AL\u00dcM\u0130NYUM HURDASI<\/figcaption><\/figure>\n\n\n\n<figure class=\"wp-block-image is-resized\"><img decoding=\"async\" loading=\"lazy\" src=\"http:\/\/ozbatmanmetal.com\/wp-content\/uploads\/2019\/05\/demir-hurda-ankara-yenimahalle-700x460.jpg\" alt=\"\" class=\"wp-image-302\" width=\"340\" height=\"223\" srcset=\"http:\/\/ozbatmanmetal.com\/wp-content\/uploads\/2019\/05\/demir-hurda-ankara-yenimahalle-700x460.jpg 700w, http:\/\/ozbatmanmetal.com\/wp-content\/uploads\/2019\/05\/demir-hurda-ankara-yenimahalle-700x460-300x197.jpg 300w\" sizes=\"(max-width: 340px) 100vw, 340px\" \/><figcaption>DEM\u0130R HURDASI<\/figcaption><\/figure>\n\n\n\n<figure class=\"wp-block-image is-resized\"><img decoding=\"async\" loading=\"lazy\" src=\"http:\/\/ozbatmanmetal.com\/wp-content\/uploads\/2019\/05\/krom_hurdasi.jpg\" alt=\"\" class=\"wp-image-304\" width=\"341\" height=\"341\" srcset=\"http:\/\/ozbatmanmetal.com\/wp-content\/uploads\/2019\/05\/krom_hurdasi.jpg 700w, http:\/\/ozbatmanmetal.com\/wp-content\/uploads\/2019\/05\/krom_hurdasi-150x150.jpg 150w, http:\/\/ozbatmanmetal.com\/wp-content\/uploads\/2019\/05\/krom_hurdasi-300x300.jpg 300w, http:\/\/ozbatmanmetal.com\/wp-content\/uploads\/2019\/05\/krom_hurdasi-510x510.jpg 510w\" sizes=\"(max-width: 341px) 100vw, 341px\" \/><figcaption>KROM HURDASI<\/figcaption><\/figure>\n\n\n\n<figure class=\"wp-block-image is-resized\"><img decoding=\"async\" loading=\"lazy\" src=\"http:\/\/ozbatmanmetal.com\/wp-content\/uploads\/2019\/05\/konya_hurda_kursun-1.jpg\" alt=\"\" class=\"wp-image-306\" width=\"343\" height=\"251\" srcset=\"http:\/\/ozbatmanmetal.com\/wp-content\/uploads\/2019\/05\/konya_hurda_kursun-1.jpg 800w, http:\/\/ozbatmanmetal.com\/wp-content\/uploads\/2019\/05\/konya_hurda_kursun-1-300x220.jpg 300w, http:\/\/ozbatmanmetal.com\/wp-content\/uploads\/2019\/05\/konya_hurda_kursun-1-768x564.jpg 768w\" sizes=\"(max-width: 343px) 100vw, 343px\" \/><figcaption>KUR\u015eUN HURDASI<\/figcaption><\/figure>\n\n\n\n<figure class=\"wp-block-image is-resized\"><img decoding=\"async\" loading=\"lazy\" src=\"http:\/\/ozbatmanmetal.com\/wp-content\/uploads\/2019\/05\/tuzla-hurdaci-1.jpeg\" alt=\"\" class=\"wp-image-309\" width=\"345\" height=\"230\" srcset=\"http:\/\/ozbatmanmetal.com\/wp-content\/uploads\/2019\/05\/tuzla-hurdaci-1.jpeg 530w, http:\/\/ozbatmanmetal.com\/wp-content\/uploads\/2019\/05\/tuzla-hurdaci-1-300x200.jpeg 300w\" sizes=\"(max-width: 345px) 100vw, 345px\" \/><figcaption>PLAST\u0130K HURDA<\/figcaption><\/figure>\n\n\n\n<figure class=\"wp-block-image is-resized\"><img decoding=\"async\" loading=\"lazy\" src=\"http:\/\/ozbatmanmetal.com\/wp-content\/uploads\/2019\/05\/demir-hurda.jpg\" alt=\"\" class=\"wp-image-310\" width=\"351\" height=\"226\" srcset=\"http:\/\/ozbatmanmetal.com\/wp-content\/uploads\/2019\/05\/demir-hurda.jpg 423w, http:\/\/ozbatmanmetal.com\/wp-content\/uploads\/2019\/05\/demir-hurda-300x193.jpg 300w\" sizes=\"(max-width: 351px) 100vw, 351px\" \/><figcaption>\u015e\u0130\u015e HURDASI<\/figcaption><\/figure>\n\n\n\n<figure class=\"wp-block-image is-resized\"><img decoding=\"async\" loading=\"lazy\" src=\"http:\/\/ozbatmanmetal.com\/wp-content\/uploads\/2019\/05\/kalay-hurdasi.jpeg\" alt=\"\" class=\"wp-image-312\" width=\"361\" height=\"270\" srcset=\"http:\/\/ozbatmanmetal.com\/wp-content\/uploads\/2019\/05\/kalay-hurdasi.jpeg 800w, http:\/\/ozbatmanmetal.com\/wp-content\/uploads\/2019\/05\/kalay-hurdasi-300x225.jpeg 300w, http:\/\/ozbatmanmetal.com\/wp-content\/uploads\/2019\/05\/kalay-hurdasi-768x576.jpeg 768w\" sizes=\"(max-width: 361px) 100vw, 361px\" \/><figcaption>KALAY  HURDASI<\/figcaption><\/figure>\n\n\n\n<figure class=\"wp-block-image is-resized\"><img decoding=\"async\" loading=\"lazy\" src=\"http:\/\/ozbatmanmetal.com\/wp-content\/uploads\/2019\/05\/timthumb.jpg\" alt=\"\" class=\"wp-image-313\" width=\"366\" height=\"293\" srcset=\"http:\/\/ozbatmanmetal.com\/wp-content\/uploads\/2019\/05\/timthumb.jpg 310w, http:\/\/ozbatmanmetal.com\/wp-content\/uploads\/2019\/05\/timthumb-300x240.jpg 300w\" sizes=\"(max-width: 366px) 100vw, 366px\" \/><figcaption>P\u0130R\u0130N\u00c7 HURDASI<\/figcaption><\/figure>\n\n\n<p style=\"text-align: left;\">\u00a0<\/p>\n<h4>\u00a0<\/h4>\n<p>\u00a0<\/p>\n<p>\u00a0<\/p>\n<h1 style=\"text-align: left;\">\u00a0<\/h1>\n<h1>\u00a0<\/h1>\n<h4 style=\"text-align: left;\">\u00a0 \u00a0 \u00a0 \u00a0 \u00a0 \u00a0 \u00a0 \u00a0 \u00a0 \u00a0 \u00a0 \u00a0 \u00a0 \u00a0\u00a0<\/h4>\n<p><span style=\"font-size: calc(0.73em + (0.1045 * ((100vw - 20em) \/ 40)));\">\u00a0 <\/span><span style=\"font-size: calc(0.73em + (0.1045 * ((100vw - 20em) \/ 40)));\">\u00a0 \u00a0<\/span><\/p>\n<h4><strong>\u00a0 \u00a0 \u00a0 \u00a0 \u00a0 \u00a0 \u00a0 \u00a0 \u00a0 \u00a0<\/strong><\/h4>\n<h1>\u00a0\u00a0<\/h1>\n<h4><strong>\u00a0 \u00a0 \u00a0 \u00a0 \u00a0 \u00a0 \u00a0<\/strong><\/h4>\n<figure class=\"figure\" style=\"font-size: 12.8269px;\"><\/figure>\n<h1 class=\"figure\">\u00a0\u00a0<\/h1>\n<h1 class=\"figure\">\u00a0<\/h1>\n<h1>\u00a0<span style=\"font-size: calc(0.73em + (0.1045 * ((100vw - 20em) \/ 40)));\">\u00a0<\/span><\/h1>","protected":false},"excerpt":{"rendered":"<p>\u00d6z Batman Metal Geri D\u00f6n\u00fc\u015f\u00fcm olarak ihtiyac\u0131n\u0131za uygun birbirinden farkl\u0131 hurda \u00e7e\u015fitlerimiz ile kar\u015f\u0131n\u0131zday\u0131z. \u00a0 \u00a0 \u00a0 \u00a0 \u00a0 \u00a0 \u00a0 \u00a0 \u00a0 \u00a0 \u00a0 \u00a0 \u00a0 \u00a0 \u00a0 \u00a0 \u00a0 \u00a0 \u00a0 \u00a0\u00a0 \u00a0 \u00a0 \u00a0 \u00a0 \u00a0 \u00a0 \u00a0 \u00a0 \u00a0 \u00a0 \u00a0 \u00a0 \u00a0 \u00a0\u00a0 \u00a0 \u00a0 \u00a0 \u00a0 \u00a0 \u00a0 \u00a0 [&hellip;]<\/p>\n","protected":false},"author":1,"featured_media":0,"parent":0,"menu_order":0,"comment_status":"closed","ping_status":"closed","template":"custom-page.php","meta":[],"_links":{"self":[{"href":"http:\/\/ozbatmanmetal.com\/index.php?rest_route=\/wp\/v2\/pages\/53"}],"collection":[{"href":"http:\/\/ozbatmanmetal.com\/index.php?rest_route=\/wp\/v2\/pages"}],"about":[{"href":"http:\/\/ozbatmanmetal.com\/index.php?rest_route=\/wp\/v2\/types\/page"}],"author":[{"embeddable":true,"href":"http:\/\/ozbatmanmetal.com\/index.php?rest_route=\/wp\/v2\/users\/1"}],"replies":[{"embeddable":true,"href":"http:\/\/ozbatmanmetal.com\/index.php?rest_route=%2Fwp%2Fv2%2Fcomments&post=53"}],"version-history":[{"count":34,"href":"http:\/\/ozbatmanmetal.com\/index.php?rest_route=\/wp\/v2\/pages\/53\/revisions"}],"predecessor-version":[{"id":315,"href":"http:\/\/ozbatmanmetal.com\/index.php?rest_route=\/wp\/v2\/pages\/53\/revisions\/315"}],"wp:attachment":[{"href":"http:\/\/ozbatmanmetal.com\/index.php?rest_route=%2Fwp%2Fv2%2Fmedia&parent=53"}],"curies":[{"name":"wp","href":"https:\/\/api.w.org\/{rel}","templated":true}]}}