{"id":50,"date":"2018-04-28T13:59:19","date_gmt":"2018-04-28T10:59:19","guid":{"rendered":"http:\/\/ozbatmanmetal.com\/?page_id=50"},"modified":"2018-04-30T16:17:00","modified_gmt":"2018-04-30T13:17:00","slug":"hizmetlerimiz","status":"publish","type":"page","link":"http:\/\/ozbatmanmetal.com\/?page_id=50","title":{"rendered":"H\u0130ZMETLER\u0130M\u0130Z"},"content":{"rendered":"<p><img decoding=\"async\" loading=\"lazy\" class=\"alignnone wp-image-246 size-large\" src=\"http:\/\/ozbatmanmetal.com\/wp-content\/uploads\/2018\/04\/hizmet-1024x323.jpg\" alt=\"\" width=\"1024\" height=\"323\" srcset=\"http:\/\/ozbatmanmetal.com\/wp-content\/uploads\/2018\/04\/hizmet-1024x323.jpg 1024w, http:\/\/ozbatmanmetal.com\/wp-content\/uploads\/2018\/04\/hizmet-300x95.jpg 300w, http:\/\/ozbatmanmetal.com\/wp-content\/uploads\/2018\/04\/hizmet-768x243.jpg 768w, http:\/\/ozbatmanmetal.com\/wp-content\/uploads\/2018\/04\/hizmet.jpg 1140w\" sizes=\"(max-width: 1024px) 100vw, 1024px\" \/><\/p>\n<p><span style=\"color: #3366ff;\">Sizler i\u00e7in en\u00a0iyi hizmeti veriyoruz<\/span><\/p>\n<p>Sizler i\u00e7in bak\u0131r hurda, sar\u0131(pirin\u00e7) hurda, al\u00fcminyum hurda, \u00e7inko hurda, sar\u0131 hurda, radyat\u00f6r hurda, hurda kablo \u00e7e\u015fitleri, krom-nikel hurda, kur\u015fun hurda, zamak ne antimyon hurdalar\u0131, demirli kar\u0131\u015f\u0131k maden hurda \u00e7e\u015fitleri alan\u0131nda hizmet veriyoruz. Daha fazla bilgi i\u00e7in\u00a0Hurda \u00c7e\u015fitleri\u00a0sayfam\u0131z\u0131 ziyaret edebilirsiniz.<\/p>\n<ul>\n<li>\n<p class=\"heading\">Hurda al\u0131m sat\u0131m<\/p>\n<\/li>\n<li>\n<p class=\"heading\">Hurdalar\u0131 yerinden s\u00f6k\u00fcm ve ta\u015f\u0131ma<\/p>\n<\/li>\n<li>\n<p class=\"heading\">Hurda kazan kesimi s\u00f6k\u00fcm\u00fc<\/p>\n<\/li>\n<li>Konteyner sistemle hurda al\u0131m\u0131<\/li>\n<li>Elektronik kantarla yerinde tart\u0131m olana\u011f\u0131 (b\u00fcy\u00fck makina al\u0131mlar\u0131nda vin\u00e7 ile tart\u0131m i\u015flemi)<\/li>\n<li>Vin\u00e7li ta\u015f\u0131ma sistemi<\/li>\n<li>Yerinde ve zaman\u0131nda hurda al\u0131m\u0131<\/li>\n<li>Elektronik kantarlarla \u015feffaf tart\u0131m i\u015flemi<\/li>\n<li>Garantili iade \u00fcr\u00fcnlerin imha i\u015flemi<\/li>\n<li>Tamam\u0131 sigortal\u0131 ve deneyimli personelimizle i\u015f ve i\u015f\u00e7i g\u00fcvenli\u011fi kurallara uygun \u00e7al\u0131\u015fma ortam\u0131<\/li>\n<li>Hurda belgesi al\u0131nm\u0131\u015f ekonomik ve ticari \u00f6mr\u00fcn\u00fc tamamlam\u0131\u015f ara\u00e7 s\u00f6k\u00fcm i\u015fi<\/li>\n<li>Fabrika y\u0131k\u0131m i\u015fleri<\/li>\n<li>Klima hurdalar\u0131<\/li>\n<li>Jenerat\u00f6r hurdalar\u0131<\/li>\n<li>Market, raf ve so\u011futma Ekipmanlar\u0131<\/li>\n<li>Elektronik hurdalar<\/li>\n<li>Banka ve i\u015f yerleri s\u00f6k\u00fcm i\u015fleri<\/li>\n<li>Kamu ve \u00f6zel i\u015fletmelerin s\u00f6k\u00fcm i\u015fleri<\/li>\n<\/ul>\n","protected":false},"excerpt":{"rendered":"<p>Sizler i\u00e7in en\u00a0iyi hizmeti veriyoruz Sizler i\u00e7in bak\u0131r hurda, sar\u0131(pirin\u00e7) hurda, al\u00fcminyum hurda, \u00e7inko hurda, sar\u0131 hurda, radyat\u00f6r hurda, hurda kablo \u00e7e\u015fitleri, krom-nikel hurda, kur\u015fun hurda, zamak ne antimyon hurdalar\u0131, demirli kar\u0131\u015f\u0131k maden hurda \u00e7e\u015fitleri alan\u0131nda hizmet veriyoruz. Daha fazla bilgi i\u00e7in\u00a0Hurda \u00c7e\u015fitleri\u00a0sayfam\u0131z\u0131 ziyaret edebilirsiniz. Hurda al\u0131m sat\u0131m Hurdalar\u0131 yerinden s\u00f6k\u00fcm ve ta\u015f\u0131ma Hurda kazan [&hellip;]<\/p>\n","protected":false},"author":1,"featured_media":0,"parent":0,"menu_order":0,"comment_status":"closed","ping_status":"closed","template":"","meta":[],"_links":{"self":[{"href":"http:\/\/ozbatmanmetal.com\/index.php?rest_route=\/wp\/v2\/pages\/50"}],"collection":[{"href":"http:\/\/ozbatmanmetal.com\/index.php?rest_route=\/wp\/v2\/pages"}],"about":[{"href":"http:\/\/ozbatmanmetal.com\/index.php?rest_route=\/wp\/v2\/types\/page"}],"author":[{"embeddable":true,"href":"http:\/\/ozbatmanmetal.com\/index.php?rest_route=\/wp\/v2\/users\/1"}],"replies":[{"embeddable":true,"href":"http:\/\/ozbatmanmetal.com\/index.php?rest_route=%2Fwp%2Fv2%2Fcomments&post=50"}],"version-history":[{"count":2,"href":"http:\/\/ozbatmanmetal.com\/index.php?rest_route=\/wp\/v2\/pages\/50\/revisions"}],"predecessor-version":[{"id":247,"href":"http:\/\/ozbatmanmetal.com\/index.php?rest_route=\/wp\/v2\/pages\/50\/revisions\/247"}],"wp:attachment":[{"href":"http:\/\/ozbatmanmetal.com\/index.php?rest_route=%2Fwp%2Fv2%2Fmedia&parent=50"}],"curies":[{"name":"wp","href":"https:\/\/api.w.org\/{rel}","templated":true}]}}