{"id":46,"date":"2018-04-28T13:56:37","date_gmt":"2018-04-28T10:56:37","guid":{"rendered":"http:\/\/ozbatmanmetal.com\/?page_id=46"},"modified":"2018-04-30T17:12:55","modified_gmt":"2018-04-30T14:12:55","slug":"hakkimizda","status":"publish","type":"page","link":"http:\/\/ozbatmanmetal.com\/?page_id=46","title":{"rendered":"HAKKIMIZDA"},"content":{"rendered":"<p>&nbsp;<\/p>\n<p><img decoding=\"async\" loading=\"lazy\" class=\"alignnone wp-image-243 size-large\" src=\"http:\/\/ozbatmanmetal.com\/wp-content\/uploads\/2018\/04\/hakk\u0131m\u0131zda-1024x323.jpg\" alt=\"\" width=\"1024\" height=\"323\" srcset=\"http:\/\/ozbatmanmetal.com\/wp-content\/uploads\/2018\/04\/hakk\u0131m\u0131zda-1024x323.jpg 1024w, http:\/\/ozbatmanmetal.com\/wp-content\/uploads\/2018\/04\/hakk\u0131m\u0131zda-300x95.jpg 300w, http:\/\/ozbatmanmetal.com\/wp-content\/uploads\/2018\/04\/hakk\u0131m\u0131zda-768x243.jpg 768w, http:\/\/ozbatmanmetal.com\/wp-content\/uploads\/2018\/04\/hakk\u0131m\u0131zda.jpg 1140w\" sizes=\"(max-width: 1024px) 100vw, 1024px\" \/><\/p>\n<p>\u00d6z Batman Metal Geri D\u00f6n\u00fc\u015f\u00fcm olarak 1985 y\u0131l\u0131ndan g\u00fcn\u00fcm\u00fcze\u00a0 tecr\u00fcbemiz ile hurdac\u0131l\u0131k sekt\u00f6r\u00fcnde faaliyet g\u00f6stermekteyiz. Usta eleman ve ara\u00e7 kadromuzla ile i\u015fimizi en iyi \u015fekilde yap\u0131p, sizlere en iyi hizmeti sunuyoruz.<\/p>\n<p>\u00d6z batman metal Geri D\u00f6n\u00fc\u015f\u00fcm, hurdac\u0131l\u0131k sekt\u00f6r\u00fcnde \u00f6nc\u00fc ve tercih edilen firma olarak amac\u0131 m\u00fc\u015fterilerine en iyi hurda hizmetini sa\u011flamak, hurda hizmetlerini en geni\u015f \u00fcr\u00fcn yelpazesi ile veren tedarik\u00e7i olmakt\u0131r. Bunun yan\u0131 s\u0131ra kaliteli ve zaman\u0131nda hizmet ile ad\u0131 an\u0131lan bir firma olarak %100 m\u00fc\u015fteri memnuniyeti sa\u011flamak ve tedarik\u00e7ilerimiz ile kar\u015f\u0131l\u0131kl\u0131 g\u00fcvene dayal\u0131 olan uzun vadeli i\u015fbirlikleri kurmay\u0131 ama\u00e7lar.<\/p>\n<p>&nbsp;<\/p>\n","protected":false},"excerpt":{"rendered":"<p>&nbsp; \u00d6z Batman Metal Geri D\u00f6n\u00fc\u015f\u00fcm olarak 1985 y\u0131l\u0131ndan g\u00fcn\u00fcm\u00fcze\u00a0 tecr\u00fcbemiz ile hurdac\u0131l\u0131k sekt\u00f6r\u00fcnde faaliyet g\u00f6stermekteyiz. Usta eleman ve ara\u00e7 kadromuzla ile i\u015fimizi en iyi \u015fekilde yap\u0131p, sizlere en iyi hizmeti sunuyoruz. \u00d6z batman metal Geri D\u00f6n\u00fc\u015f\u00fcm, hurdac\u0131l\u0131k sekt\u00f6r\u00fcnde \u00f6nc\u00fc ve tercih edilen firma olarak amac\u0131 m\u00fc\u015fterilerine en iyi hurda hizmetini sa\u011flamak, hurda hizmetlerini en [&hellip;]<\/p>\n","protected":false},"author":1,"featured_media":0,"parent":0,"menu_order":0,"comment_status":"closed","ping_status":"closed","template":"","meta":[],"_links":{"self":[{"href":"http:\/\/ozbatmanmetal.com\/index.php?rest_route=\/wp\/v2\/pages\/46"}],"collection":[{"href":"http:\/\/ozbatmanmetal.com\/index.php?rest_route=\/wp\/v2\/pages"}],"about":[{"href":"http:\/\/ozbatmanmetal.com\/index.php?rest_route=\/wp\/v2\/types\/page"}],"author":[{"embeddable":true,"href":"http:\/\/ozbatmanmetal.com\/index.php?rest_route=\/wp\/v2\/users\/1"}],"replies":[{"embeddable":true,"href":"http:\/\/ozbatmanmetal.com\/index.php?rest_route=%2Fwp%2Fv2%2Fcomments&post=46"}],"version-history":[{"count":5,"href":"http:\/\/ozbatmanmetal.com\/index.php?rest_route=\/wp\/v2\/pages\/46\/revisions"}],"predecessor-version":[{"id":258,"href":"http:\/\/ozbatmanmetal.com\/index.php?rest_route=\/wp\/v2\/pages\/46\/revisions\/258"}],"wp:attachment":[{"href":"http:\/\/ozbatmanmetal.com\/index.php?rest_route=%2Fwp%2Fv2%2Fmedia&parent=46"}],"curies":[{"name":"wp","href":"https:\/\/api.w.org\/{rel}","templated":true}]}}