{"id":127,"date":"2018-04-30T11:11:38","date_gmt":"2018-04-30T08:11:38","guid":{"rendered":"http:\/\/ozbatmanmetal.com\/?page_id=127"},"modified":"2018-04-30T13:56:48","modified_gmt":"2018-04-30T10:56:48","slug":"hurdacilik","status":"publish","type":"page","link":"http:\/\/ozbatmanmetal.com\/?page_id=127","title":{"rendered":"Hurdac\u0131l\u0131k"},"content":{"rendered":"<p>&nbsp;<\/p>\n<p><img decoding=\"async\" loading=\"lazy\" class=\"alignnone size-full wp-image-167\" src=\"http:\/\/ozbatmanmetal.com\/wp-content\/uploads\/2018\/04\/hurdac\u0131l\u0131k.jpg\" alt=\"\" width=\"270\" height=\"250\" \/><\/p>\n<h4>Hurdac\u0131l\u0131k<\/h4>\n<p>eski madeni veya plastik e\u015fyalar\u0131n tekrar belli bir d\u00f6n\u00fc\u015f\u00fcm yoluyla kullan\u0131labilir hale getirilmesi i\u00e7in yap\u0131lan i\u015flemlerin t\u00fcm\u00fcd\u00fcr. Bu i\u015fi yapan ki\u015filer hurdalar\u0131 \u00e7\u00f6plerden veya i\u015f yerlerinden toplarlar ve bu i\u015fi yapan esnafa satarlar.<\/p>\n","protected":false},"excerpt":{"rendered":"<p>&nbsp; Hurdac\u0131l\u0131k eski madeni veya plastik e\u015fyalar\u0131n tekrar belli bir d\u00f6n\u00fc\u015f\u00fcm yoluyla kullan\u0131labilir hale getirilmesi i\u00e7in yap\u0131lan i\u015flemlerin t\u00fcm\u00fcd\u00fcr. Bu i\u015fi yapan ki\u015filer hurdalar\u0131 \u00e7\u00f6plerden veya i\u015f yerlerinden toplarlar ve bu i\u015fi yapan esnafa satarlar.<\/p>\n","protected":false},"author":1,"featured_media":0,"parent":0,"menu_order":0,"comment_status":"closed","ping_status":"closed","template":"","meta":[],"_links":{"self":[{"href":"http:\/\/ozbatmanmetal.com\/index.php?rest_route=\/wp\/v2\/pages\/127"}],"collection":[{"href":"http:\/\/ozbatmanmetal.com\/index.php?rest_route=\/wp\/v2\/pages"}],"about":[{"href":"http:\/\/ozbatmanmetal.com\/index.php?rest_route=\/wp\/v2\/types\/page"}],"author":[{"embeddable":true,"href":"http:\/\/ozbatmanmetal.com\/index.php?rest_route=\/wp\/v2\/users\/1"}],"replies":[{"embeddable":true,"href":"http:\/\/ozbatmanmetal.com\/index.php?rest_route=%2Fwp%2Fv2%2Fcomments&post=127"}],"version-history":[{"count":2,"href":"http:\/\/ozbatmanmetal.com\/index.php?rest_route=\/wp\/v2\/pages\/127\/revisions"}],"predecessor-version":[{"id":168,"href":"http:\/\/ozbatmanmetal.com\/index.php?rest_route=\/wp\/v2\/pages\/127\/revisions\/168"}],"wp:attachment":[{"href":"http:\/\/ozbatmanmetal.com\/index.php?rest_route=%2Fwp%2Fv2%2Fmedia&parent=127"}],"curies":[{"name":"wp","href":"https:\/\/api.w.org\/{rel}","templated":true}]}}