{"id":125,"date":"2018-04-30T11:11:11","date_gmt":"2018-04-30T08:11:11","guid":{"rendered":"http:\/\/ozbatmanmetal.com\/?page_id=125"},"modified":"2018-04-30T13:59:50","modified_gmt":"2018-04-30T10:59:50","slug":"sehirler-arasi-nakliyat","status":"publish","type":"page","link":"http:\/\/ozbatmanmetal.com\/?page_id=125","title":{"rendered":"\u015eehirler Aras\u0131 Nakliyat"},"content":{"rendered":"<p>&nbsp;<\/p>\n<p><img decoding=\"async\" loading=\"lazy\" class=\"alignnone size-full wp-image-169\" src=\"http:\/\/ozbatmanmetal.com\/wp-content\/uploads\/2018\/04\/sehirler-ars\u0131.jpg\" alt=\"\" width=\"270\" height=\"250\" \/><\/p>\n<p>G\u00fc\u00e7l\u00fc Ve Dinamik Yap\u0131s\u0131 \u0130le Ad\u0131na \u00d6zde\u015f Kalitede \u00d6d\u00fcn Vermeyen Profesyonel Sekt\u00f6r\u00fcn Lider \u015eehirler Aras\u0131 Nakliyat Firmas\u0131y\u0131z.<\/p>\n","protected":false},"excerpt":{"rendered":"<p>&nbsp; G\u00fc\u00e7l\u00fc Ve Dinamik Yap\u0131s\u0131 \u0130le Ad\u0131na \u00d6zde\u015f Kalitede \u00d6d\u00fcn Vermeyen Profesyonel Sekt\u00f6r\u00fcn Lider \u015eehirler Aras\u0131 Nakliyat Firmas\u0131y\u0131z.<\/p>\n","protected":false},"author":1,"featured_media":0,"parent":0,"menu_order":0,"comment_status":"closed","ping_status":"closed","template":"","meta":[],"_links":{"self":[{"href":"http:\/\/ozbatmanmetal.com\/index.php?rest_route=\/wp\/v2\/pages\/125"}],"collection":[{"href":"http:\/\/ozbatmanmetal.com\/index.php?rest_route=\/wp\/v2\/pages"}],"about":[{"href":"http:\/\/ozbatmanmetal.com\/index.php?rest_route=\/wp\/v2\/types\/page"}],"author":[{"embeddable":true,"href":"http:\/\/ozbatmanmetal.com\/index.php?rest_route=\/wp\/v2\/users\/1"}],"replies":[{"embeddable":true,"href":"http:\/\/ozbatmanmetal.com\/index.php?rest_route=%2Fwp%2Fv2%2Fcomments&post=125"}],"version-history":[{"count":3,"href":"http:\/\/ozbatmanmetal.com\/index.php?rest_route=\/wp\/v2\/pages\/125\/revisions"}],"predecessor-version":[{"id":217,"href":"http:\/\/ozbatmanmetal.com\/index.php?rest_route=\/wp\/v2\/pages\/125\/revisions\/217"}],"wp:attachment":[{"href":"http:\/\/ozbatmanmetal.com\/index.php?rest_route=%2Fwp%2Fv2%2Fmedia&parent=125"}],"curies":[{"name":"wp","href":"https:\/\/api.w.org\/{rel}","templated":true}]}}